{"id":15774,"date":"2024-08-30T09:22:35","date_gmt":"2024-08-30T08:22:35","guid":{"rendered":"https:\/\/www.eakinhealthcare.com\/website-bedingungen-konditionen\/"},"modified":"2024-09-09T09:19:12","modified_gmt":"2024-09-09T08:19:12","slug":"website-bedingungen-konditionen","status":"publish","type":"page","link":"https:\/\/www.eakinhealthcare.com\/de\/website-bedingungen-konditionen\/","title":{"rendered":"Website Bedingungen &amp; Konditionen"},"content":{"rendered":"\t\t<div data-elementor-type=\"wp-page\" data-elementor-id=\"15774\" class=\"elementor elementor-15774 elementor-15724\" data-elementor-post-type=\"page\">\n\t\t\t\t<div class=\"elementor-element elementor-element-1fcbab6 e-con-full e-flex e-con e-parent\" data-id=\"1fcbab6\" data-element_type=\"container\" data-e-type=\"container\">\n\t\t\t\t<div class=\"elementor-element elementor-element-4901fee elementor-widget elementor-widget-template\" data-id=\"4901fee\" data-element_type=\"widget\" data-e-type=\"widget\" data-widget_type=\"template.default\">\n\t\t\t\t<div class=\"elementor-widget-container\">\n\t\t\t\t\t\t\t<div class=\"elementor-template\">\n\t\t\t\t\t<div data-elementor-type=\"section\" data-elementor-id=\"15771\" class=\"elementor elementor-15771 elementor-13666 elementor-13666\" data-elementor-post-type=\"elementor_library\">\n\t\t\t<div class=\"elementor-element elementor-element-d5776c1 elementor-hidden-tablet elementor-hidden-mobile e-flex e-con-boxed e-con e-parent\" data-id=\"d5776c1\" data-element_type=\"container\" data-e-type=\"container\" data-settings=\"{&quot;background_background&quot;:&quot;classic&quot;}\">\n\t\t\t\t\t<div class=\"e-con-inner\">\n\t\t<div class=\"elementor-element elementor-element-5cd62df animated-slow e-con-full elementor-hidden-tablet elementor-hidden-mobile e-flex e-con e-child\" data-id=\"5cd62df\" data-element_type=\"container\" data-e-type=\"container\" data-settings=\"{&quot;animation&quot;:&quot;none&quot;,&quot;animation_mobile&quot;:&quot;none&quot;,&quot;background_background&quot;:&quot;classic&quot;}\">\n\t\t\t\t<div class=\"elementor-element elementor-element-406059f elementor-widget elementor-widget-breadcrumbs\" data-id=\"406059f\" data-element_type=\"widget\" data-e-type=\"widget\" data-widget_type=\"breadcrumbs.default\">\n\t\t\t\t<div class=\"elementor-widget-container\">\n\t\t\t\t\t<nav aria-label=\"breadcrumbs\" class=\"rank-math-breadcrumb\"><p><span class=\"last\">Home<\/span><\/p><\/nav>\t\t\t\t<\/div>\n\t\t\t\t<\/div>\n\t\t\t\t<\/div>\n\t\t<div class=\"elementor-element elementor-element-b81b3d3 animated-slow e-con-full e-flex e-con e-child\" data-id=\"b81b3d3\" data-element_type=\"container\" data-e-type=\"container\" data-settings=\"{&quot;animation&quot;:&quot;none&quot;,&quot;animation_mobile&quot;:&quot;none&quot;,&quot;background_background&quot;:&quot;classic&quot;}\">\n\t\t\t\t<div class=\"elementor-element elementor-element-346d2bb elementor-widget elementor-widget-heading\" data-id=\"346d2bb\" data-element_type=\"widget\" data-e-type=\"widget\" data-widget_type=\"heading.default\">\n\t\t\t\t\t<h1 class=\"elementor-heading-title elementor-size-default\">Website Bedingungen &amp; Konditionen<\/h1>\t\t\t\t<\/div>\n\t\t\t\t<\/div>\n\t\t\t\t\t<\/div>\n\t\t\t\t<\/div>\n\t\t<div class=\"elementor-element elementor-element-af1ce0b elementor-hidden-desktop e-flex e-con-boxed e-con e-parent\" data-id=\"af1ce0b\" data-element_type=\"container\" data-e-type=\"container\" data-settings=\"{&quot;background_background&quot;:&quot;classic&quot;}\">\n\t\t\t\t\t<div class=\"e-con-inner\">\n\t\t<div class=\"elementor-element elementor-element-5bf0966 animated-slow e-con-full e-flex e-con e-child\" data-id=\"5bf0966\" data-element_type=\"container\" data-e-type=\"container\" data-settings=\"{&quot;animation&quot;:&quot;none&quot;,&quot;animation_mobile&quot;:&quot;none&quot;,&quot;background_background&quot;:&quot;classic&quot;}\">\n\t\t\t\t<div class=\"elementor-element elementor-element-09e6219 elementor-widget elementor-widget-heading\" data-id=\"09e6219\" data-element_type=\"widget\" data-e-type=\"widget\" data-widget_type=\"heading.default\">\n\t\t\t\t\t<h1 class=\"elementor-heading-title elementor-size-default\">Website Bedingungen &amp; Konditionen<\/h1>\t\t\t\t<\/div>\n\t\t\t\t<\/div>\n\t\t\t\t\t<\/div>\n\t\t\t\t<\/div>\n\t\t<div class=\"elementor-element elementor-element-297a6c9 e-con-full elementor-hidden-tablet elementor-hidden-mobile e-flex e-con e-parent\" data-id=\"297a6c9\" data-element_type=\"container\" data-e-type=\"container\" data-settings=\"{&quot;background_background&quot;:&quot;gradient&quot;}\">\n\t\t<div class=\"elementor-element elementor-element-db022dd e-flex e-con-boxed e-con e-child\" data-id=\"db022dd\" data-element_type=\"container\" data-e-type=\"container\" data-settings=\"{&quot;background_background&quot;:&quot;classic&quot;,&quot;motion_fx_motion_fx_scrolling&quot;:&quot;yes&quot;,&quot;motion_fx_devices&quot;:[&quot;desktop&quot;,&quot;tablet&quot;,&quot;mobile&quot;]}\">\n\t\t\t\t\t<div class=\"e-con-inner\">\n\t\t<div class=\"elementor-element elementor-element-2fcb6bb e-con-full e-flex e-con e-child\" data-id=\"2fcb6bb\" data-element_type=\"container\" data-e-type=\"container\" data-settings=\"{&quot;background_background&quot;:&quot;classic&quot;}\">\n\t\t\t\t<div class=\"elementor-element elementor-element-d3fec24 elementor-widget elementor-widget-spacer\" data-id=\"d3fec24\" data-element_type=\"widget\" data-e-type=\"widget\" data-widget_type=\"spacer.default\">\n\t\t\t\t\t\t\t<div class=\"elementor-spacer\">\n\t\t\t<div class=\"elementor-spacer-inner\"><\/div>\n\t\t<\/div>\n\t\t\t\t\t\t<\/div>\n\t\t\t\t<\/div>\n\t\t\t\t\t<\/div>\n\t\t\t\t<\/div>\n\t\t\t\t<\/div>\n\t\t<div class=\"elementor-element elementor-element-73a06ea e-con-full elementor-hidden-desktop e-flex e-con e-parent\" data-id=\"73a06ea\" data-element_type=\"container\" data-e-type=\"container\" data-settings=\"{&quot;background_background&quot;:&quot;gradient&quot;}\">\n\t\t<div class=\"elementor-element elementor-element-94aee77 e-flex e-con-boxed e-con e-child\" data-id=\"94aee77\" data-element_type=\"container\" data-e-type=\"container\" data-settings=\"{&quot;background_background&quot;:&quot;classic&quot;,&quot;motion_fx_motion_fx_scrolling&quot;:&quot;yes&quot;,&quot;motion_fx_devices&quot;:[&quot;desktop&quot;,&quot;tablet&quot;,&quot;mobile&quot;]}\">\n\t\t\t\t\t<div class=\"e-con-inner\">\n\t\t<div class=\"elementor-element elementor-element-34f843a e-con-full e-flex e-con e-child\" data-id=\"34f843a\" data-element_type=\"container\" data-e-type=\"container\" data-settings=\"{&quot;background_background&quot;:&quot;classic&quot;}\">\n\t\t\t\t<div class=\"elementor-element elementor-element-05e1f54 elementor-widget elementor-widget-spacer\" data-id=\"05e1f54\" data-element_type=\"widget\" data-e-type=\"widget\" data-widget_type=\"spacer.default\">\n\t\t\t\t\t\t\t<div class=\"elementor-spacer\">\n\t\t\t<div class=\"elementor-spacer-inner\"><\/div>\n\t\t<\/div>\n\t\t\t\t\t\t<\/div>\n\t\t\t\t<\/div>\n\t\t\t\t\t<\/div>\n\t\t\t\t<\/div>\n\t\t\t\t<\/div>\n\t\t\t\t<\/div>\n\t\t\t\t<\/div>\n\t\t\t\t\t\t<\/div>\n\t\t\t\t<\/div>\n\t\t\t\t<\/div>\n\t\t<div class=\"elementor-element elementor-element-0f4e059 e-con-full e-flex e-con e-parent\" data-id=\"0f4e059\" data-element_type=\"container\" data-e-type=\"container\" data-settings=\"{&quot;background_background&quot;:&quot;gradient&quot;}\">\n\t\t<div class=\"elementor-element elementor-element-b3ba4df e-flex e-con-boxed e-con e-child\" data-id=\"b3ba4df\" data-element_type=\"container\" data-e-type=\"container\" data-settings=\"{&quot;background_background&quot;:&quot;classic&quot;,&quot;motion_fx_motion_fx_scrolling&quot;:&quot;yes&quot;,&quot;motion_fx_devices&quot;:[&quot;desktop&quot;,&quot;tablet&quot;,&quot;mobile&quot;]}\">\n\t\t\t\t\t<div class=\"e-con-inner\">\n\t\t<div class=\"elementor-element elementor-element-14dbda8 e-con-full e-flex e-con e-child\" data-id=\"14dbda8\" data-element_type=\"container\" data-e-type=\"container\" data-settings=\"{&quot;background_background&quot;:&quot;classic&quot;}\">\n\t\t\t\t<div class=\"elementor-element elementor-element-67f01ce elementor-widget elementor-widget-spacer\" data-id=\"67f01ce\" data-element_type=\"widget\" data-e-type=\"widget\" data-widget_type=\"spacer.default\">\n\t\t\t\t\t\t\t<div class=\"elementor-spacer\">\n\t\t\t<div class=\"elementor-spacer-inner\"><\/div>\n\t\t<\/div>\n\t\t\t\t\t\t<\/div>\n\t\t\t\t<div class=\"elementor-element elementor-element-e346ab0 elementor-widget elementor-widget-text-editor\" data-id=\"e346ab0\" data-element_type=\"widget\" data-e-type=\"widget\" data-widget_type=\"text-editor.default\">\n\t\t\t\t\t\t\t\t\t<p>Willkommen auf unserer Website.<br \/>\nWenn Sie diese Website weiter durchsuchen und nutzen, erkl\u00e4ren Sie sich mit den folgenden Nutzungsbedingungen einverstanden, die zusammen mit unserer <a href=\"https:\/\/www.eakinhealthcare.com\/company-policies\/\">Datenschutzrichtlinie<\/a> und unserer <a href=\"https:\/\/www.eakinhealthcare.com\/company-policies\/\">Cookie-Richtlinie<\/a> die Beziehung zwischen Eakin Healthcare und Ihnen in Bezug auf diese Website regeln.<br \/>\nWenn Sie mit einem Teil dieser Bedingungen nicht einverstanden sind, nutzen Sie unsere Website bitte nicht.  <\/p>\n<p>Der Begriff &#8218;Eakin Healthcare&#8216; oder &#8218;wir&#8216; oder &#8218;wir&#8216; bezieht sich auf den Eigent\u00fcmer der Website, dessen eingetragener Sitz 15 Ballystockart Road,<br \/>Comber, Co.Down, BT23 5QY ist.<br \/>\nUnsere Firmenregistrierungsnummer lautet [company registration number and place of registration].<br \/>\nDer Begriff &#8218;Sie&#8216; bezieht sich auf den Benutzer oder Betrachter unserer Website.  <\/p>\n<p>Die Nutzung dieser Website unterliegt den folgenden Nutzungsbedingungen:<\/p>\n<ul>\n<li>Der Inhalt der Seiten dieser Website dient nur zu Ihrer allgemeinen Information und Nutzung.<br \/>\nEr kann ohne vorherige Ank\u00fcndigung ge\u00e4ndert werden. <\/li>\n<li>Diese Website verwendet Cookies, um Ihre Surfgewohnheiten zu \u00fcberwachen.<br \/>\nWeitere Informationen finden Sie in der <a href=\"https:\/\/www.eakinhealthcare.com\/company-policies\/\">Cookie-Richtlinie<\/a>. <\/li>\n<li>Weder wir noch Dritte \u00fcbernehmen eine Garantie oder Gew\u00e4hrleistung f\u00fcr die Richtigkeit, Aktualit\u00e4t, Leistung, Vollst\u00e4ndigkeit oder Eignung der auf dieser Website gefundenen oder angebotenen Informationen und Materialien f\u00fcr einen bestimmten Zweck.<br \/>\nSie erkennen an, dass diese Informationen und Materialien Ungenauigkeiten oder Fehler enthalten k\u00f6nnen, und wir schlie\u00dfen die Haftung f\u00fcr derartige Ungenauigkeiten oder Fehler ausdr\u00fccklich aus, soweit dies gesetzlich zul\u00e4ssig ist. <\/li>\n<li>Die Nutzung von Informationen oder Materialien auf dieser Website erfolgt auf Ihr eigenes Risiko, f\u00fcr das wir keine Haftung \u00fcbernehmen.<br \/>\nEs liegt in Ihrer eigenen Verantwortung, sicherzustellen, dass die auf dieser Website verf\u00fcgbaren Produkte, Dienstleistungen oder Informationen Ihren spezifischen Anforderungen entsprechen. <\/li>\n<li>Diese Website enth\u00e4lt Material, das unser Eigentum ist oder an uns lizenziert wurde.<br \/>\nDieses Material umfasst unter anderem das Design, Layout, Aussehen, Erscheinungsbild und die Grafiken.<br \/>\nDie Vervielf\u00e4ltigung ist nur in \u00dcbereinstimmung mit dem Urheberrechtsvermerk gestattet, der Teil dieser Bedingungen ist.  <\/li>\n<li>Alle auf dieser Website wiedergegebenen Marken, die nicht Eigentum des Betreibers sind oder von ihm lizenziert wurden, sind auf der Website angegeben.<\/li>\n<li>Die unbefugte Nutzung dieser Website kann zu Schadensersatzanspr\u00fcchen f\u00fchren und\/oder eine Straftat darstellen.<\/li>\n<li>Von Zeit zu Zeit kann diese Website auch Links zu anderen Websites enthalten.<br \/>\nDiese Links werden Ihnen zur Verf\u00fcgung gestellt, damit Sie weitere Informationen erhalten.<br \/>\nSie bedeuten nicht, dass wir die Website(s) guthei\u00dfen.<br \/>\nWir \u00fcbernehmen keine Verantwortung f\u00fcr den Inhalt der verlinkten Website(s).   <\/li>\n<li>Ihre Nutzung dieser Website und alle Streitigkeiten, die sich aus dieser Nutzung der Website ergeben, unterliegen den Gesetzen von England, Nordirland, Schottland und Wales.<\/li>\n<\/ul>\n\t\t\t\t\t\t\t\t<\/div>\n\t\t\t\t<\/div>\n\t\t<div class=\"elementor-element elementor-element-0ff4463 e-con-full e-flex e-con e-child\" data-id=\"0ff4463\" data-element_type=\"container\" data-e-type=\"container\" data-settings=\"{&quot;background_background&quot;:&quot;classic&quot;}\">\n\t\t\t\t<div class=\"elementor-element elementor-element-581ccec elementor-widget elementor-widget-spacer\" data-id=\"581ccec\" data-element_type=\"widget\" data-e-type=\"widget\" data-widget_type=\"spacer.default\">\n\t\t\t\t\t\t\t<div class=\"elementor-spacer\">\n\t\t\t<div class=\"elementor-spacer-inner\"><\/div>\n\t\t<\/div>\n\t\t\t\t\t\t<\/div>\n\t\t\t\t<\/div>\n\t\t\t\t\t<\/div>\n\t\t\t\t<\/div>\n\t\t\t\t<\/div>\n\t\t\t\t<\/div>\n\t\t","protected":false},"excerpt":{"rendered":"<p>Unternehmens-, Qualit\u00e4ts- und Regulierungspolitik<\/p>\n","protected":false},"author":3,"featured_media":15363,"parent":0,"menu_order":0,"comment_status":"closed","ping_status":"closed","template":"elementor_header_footer","meta":{"_relevanssi_hide_post":"","_relevanssi_hide_content":"","_relevanssi_pin_for_all":"","_relevanssi_pin_keywords":"","_relevanssi_unpin_keywords":"","_relevanssi_related_keywords":"","_relevanssi_related_include_ids":"","_relevanssi_related_exclude_ids":"","_relevanssi_related_no_append":"","_relevanssi_related_not_related":"","_relevanssi_related_posts":"","_relevanssi_noindex_reason":"","footnotes":""},"class_list":["post-15774","page","type-page","status-publish","has-post-thumbnail","hentry"],"_links":{"self":[{"href":"https:\/\/www.eakinhealthcare.com\/de\/wp-json\/wp\/v2\/pages\/15774","targetHints":{"allow":["GET"]}}],"collection":[{"href":"https:\/\/www.eakinhealthcare.com\/de\/wp-json\/wp\/v2\/pages"}],"about":[{"href":"https:\/\/www.eakinhealthcare.com\/de\/wp-json\/wp\/v2\/types\/page"}],"author":[{"embeddable":true,"href":"https:\/\/www.eakinhealthcare.com\/de\/wp-json\/wp\/v2\/users\/3"}],"replies":[{"embeddable":true,"href":"https:\/\/www.eakinhealthcare.com\/de\/wp-json\/wp\/v2\/comments?post=15774"}],"version-history":[{"count":0,"href":"https:\/\/www.eakinhealthcare.com\/de\/wp-json\/wp\/v2\/pages\/15774\/revisions"}],"wp:featuredmedia":[{"embeddable":true,"href":"https:\/\/www.eakinhealthcare.com\/de\/wp-json\/wp\/v2\/media\/15363"}],"wp:attachment":[{"href":"https:\/\/www.eakinhealthcare.com\/de\/wp-json\/wp\/v2\/media?parent=15774"}],"curies":[{"name":"wp","href":"https:\/\/api.w.org\/{rel}","templated":true}]}}